{"id":156,"date":"2025-11-02T08:35:30","date_gmt":"2025-11-02T11:35:30","guid":{"rendered":"http:\/\/localhost\/apologiaComP\/?post_type=product&#038;p=156"},"modified":"2025-11-26T11:29:10","modified_gmt":"2025-11-26T14:29:10","slug":"manual-jovem-de-aplicacao-pessoal","status":"publish","type":"product","link":"https:\/\/apologiacomp.com\/index.php\/produto\/manual-jovem-de-aplicacao-pessoal\/","title":{"rendered":"Manual Jovem de Aplica\u00e7\u00e3o Pessoal"},"content":{"rendered":"<p><b>Manual Jovem de Aplica\u00e7\u00e3o Pessoal: A B\u00edblia para o Dia a Dia<\/b><\/p>\n<p>O <b>Manual Jovem de Aplica\u00e7\u00e3o Pessoal<\/b> \u00e9 um recurso din\u00e2mico voltado para adolescentes e jovens. Seu objetivo \u00e9 <b>conectar as verdades b\u00edblicas<\/b> diretamente com os desafios da vida cotidiana. O livro oferece <b>respostas pr\u00e1ticas e r\u00e1pidas<\/b> para temas cruciais da juventude, como amizade, autoimagem, dinheiro e sexualidade. Ele ajuda o leitor a <b>&#8220;ligar os pontos&#8221;<\/b> entre as diversas passagens das Escrituras. Com <b>mais de 600 t\u00f3picos<\/b> organizados, ele funciona como um guia tem\u00e1tico de consulta. O manual transforma a B\u00edblia em um <b>orientador pessoal<\/b> para a tomada de decis\u00f5es. \u00c9 a ferramenta essencial para <b>viver a f\u00e9 de forma relevante<\/b> e equilibrada na fase jovem.<\/p>\n","protected":false},"excerpt":{"rendered":"<p><b>Manual Jovem de Aplica\u00e7\u00e3o Pessoal: A B\u00edblia para o Dia a Dia<\/b><\/p>\n<p>O <b>Manual Jovem de Aplica\u00e7\u00e3o Pessoal<\/b> \u00e9 um recurso din\u00e2mico voltado para adolescentes e jovens.<\/p>\n","protected":false},"featured_media":157,"comment_status":"open","ping_status":"closed","template":"","meta":{"jetpack_publicize_message":"","jetpack_publicize_feature_enabled":true,"jetpack_social_post_already_shared":false,"jetpack_social_options":{"image_generator_settings":{"template":"highway","default_image_id":0,"font":"","enabled":false},"version":2}},"product_brand":[],"product_cat":[21],"product_tag":[],"class_list":{"0":"post-156","1":"product","2":"type-product","3":"status-publish","4":"has-post-thumbnail","6":"product_cat-sem-categoria","8":"first","9":"instock","10":"taxable","11":"shipping-taxable","12":"purchasable","13":"product-type-simple"},"jetpack_publicize_connections":[],"jetpack_sharing_enabled":true,"_links":{"self":[{"href":"https:\/\/apologiacomp.com\/index.php\/wp-json\/wp\/v2\/product\/156","targetHints":{"allow":["GET"]}}],"collection":[{"href":"https:\/\/apologiacomp.com\/index.php\/wp-json\/wp\/v2\/product"}],"about":[{"href":"https:\/\/apologiacomp.com\/index.php\/wp-json\/wp\/v2\/types\/product"}],"replies":[{"embeddable":true,"href":"https:\/\/apologiacomp.com\/index.php\/wp-json\/wp\/v2\/comments?post=156"}],"wp:featuredmedia":[{"embeddable":true,"href":"https:\/\/apologiacomp.com\/index.php\/wp-json\/wp\/v2\/media\/157"}],"wp:attachment":[{"href":"https:\/\/apologiacomp.com\/index.php\/wp-json\/wp\/v2\/media?parent=156"}],"wp:term":[{"taxonomy":"product_brand","embeddable":true,"href":"https:\/\/apologiacomp.com\/index.php\/wp-json\/wp\/v2\/product_brand?post=156"},{"taxonomy":"product_cat","embeddable":true,"href":"https:\/\/apologiacomp.com\/index.php\/wp-json\/wp\/v2\/product_cat?post=156"},{"taxonomy":"product_tag","embeddable":true,"href":"https:\/\/apologiacomp.com\/index.php\/wp-json\/wp\/v2\/product_tag?post=156"}],"curies":[{"name":"wp","href":"https:\/\/api.w.org\/{rel}","templated":true}]}}