{"id":191,"date":"2025-11-26T08:07:36","date_gmt":"2025-11-26T11:07:36","guid":{"rendered":"https:\/\/apologiacomp.com\/?post_type=product&#038;p=191"},"modified":"2025-12-02T07:32:54","modified_gmt":"2025-12-02T10:32:54","slug":"curso-pratico-de-defesa-da-fe-ftb","status":"publish","type":"product","link":"https:\/\/apologiacomp.com\/index.php\/produto\/curso-pratico-de-defesa-da-fe-ftb\/","title":{"rendered":"Curso Pr\u00e1tico de Defesa da F\u00e9 &#8211; FTB"},"content":{"rendered":"<div class=\"mceTemp\"><\/div>\n<p style=\"text-align: center;\" data-start=\"0\" data-end=\"115\"><strong data-start=\"0\" data-end=\"115\">Curso Pr\u00e1tico de Defesa da F\u00e9 \u2014 Paulo S\u00e9rgio Batista | FTB Faculdade Teol\u00f3gica Betesda<\/strong><\/p>\n<div id=\"comp-m9ttj0zn\" class=\"lyNaha comp-m9ttj0zn JdNFxG wixui-image\" data-testid=\"imageX\">\n<div class=\"h1DYhE\" data-motion-part=\"BG_LAYER comp-m9ttj0zn\">\n<div data-motion-part=\"BG_MEDIA comp-m9ttj0zn\"><picture><img decoding=\"async\" src=\"https:\/\/static.wixstatic.com\/media\/b77546_b8dfbde90cb842fa8085a6161d211a79~mv2.png\/v1\/fill\/w_715,h_487,al_c,q_85,usm_0.66_1.00_0.01,enc_avif,quality_auto\/DEFESA-DA-F%C3%89-MK.png\" alt=\"DEFESA-DA-F\u00c9-MK.png\" data-ssr-src-done=\"true\" \/><\/picture><\/div>\n<\/div>\n<\/div>\n<div id=\"comp-m9ttj0y6\" class=\"Z_l5lU ku3DBC zQ9jDz qvSjx3 Vq6kJx comp-m9ttj0y6 wixui-rich-text\" data-testid=\"richTextElement\">\n<p class=\"font_8 wixui-rich-text__text\" style=\"text-align: center;\"><span class=\"wixui-rich-text__text\">O curso conta com 70 mat\u00e9rias distribu\u00eddas em 27 temas, reunidos em um \u00fanico volume de 840 p\u00e1ginas. As aulas s\u00e3o organizadas de forma teol\u00f3gica e acad\u00eamica em 6 subtemas: \u00c9tica, Ci\u00eancia, Apolog\u00e9tica Cient\u00edfica, Misticismo, Comportamento e Diversos.<\/span><\/p>\n<\/div>\n<div id=\"comp-mgp7d72c\" class=\"lyNaha comp-mgp7d72c JdNFxG wixui-image\" data-testid=\"imageX\">\n<div class=\"h1DYhE\" data-motion-part=\"BG_LAYER comp-mgp7d72c\">\n<div data-motion-part=\"BG_MEDIA comp-mgp7d72c\"><picture><img decoding=\"async\" class=\"aligncenter\" src=\"https:\/\/static.wixstatic.com\/media\/b77546_5ae666dfb2274021a8a276afc6890995~mv2.png\/v1\/fill\/w_363,h_455,fp_0.50_0.47,q_85,usm_0.66_1.00_0.01,enc_avif,quality_auto\/AVATAR-PAULO-SERGIO.png\" alt=\"AVATAR-PAULO-SERGIO.png\" data-ssr-src-done=\"true\" \/><\/picture><\/div>\n<\/div>\n<\/div>\n<div id=\"comp-mgp7drox\" class=\"Z_l5lU ku3DBC zQ9jDz qvSjx3 Vq6kJx comp-mgp7drox wixui-rich-text\" data-testid=\"richTextElement\">\n<p class=\"font_8 wixui-rich-text__text\" style=\"text-align: center;\"><span class=\"wixui-rich-text__text\">Especializa\u00e7\u00e3o com 70 video-aulas com o Pr. Paulo S\u00e9rgio Batista<br class=\"wixui-rich-text__text\" \/>DURA\u00c7\u00c3O: 18 MESES<\/span><\/p>\n<\/div>\n","protected":false},"excerpt":{"rendered":"<p>Curso Pr\u00e1tico de Defesa da F\u00e9 \u2014 Paulo S\u00e9rgio Batista | FTB Faculdade Teol\u00f3gica Betesda O curso conta com 70 mat\u00e9rias distribu\u00eddas em 27 temas, reunidos em um \u00fanico volume de 840 p\u00e1ginas. As aulas s\u00e3o organizadas de forma teol\u00f3gica e acad\u00eamica em 6 subtemas: \u00c9tica, Ci\u00eancia, Apolog\u00e9tica Cient\u00edfica, Misticismo, Comportamento e Diversos. Especializa\u00e7\u00e3o com [&hellip;]<\/p>\n","protected":false},"featured_media":205,"comment_status":"open","ping_status":"closed","template":"","meta":{"jetpack_publicize_message":"","jetpack_publicize_feature_enabled":true,"jetpack_social_post_already_shared":false,"jetpack_social_options":{"image_generator_settings":{"template":"highway","default_image_id":0,"font":"","enabled":false},"version":2}},"product_brand":[],"product_cat":[21],"product_tag":[],"class_list":{"0":"post-191","1":"product","2":"type-product","3":"status-publish","4":"has-post-thumbnail","6":"product_cat-sem-categoria","8":"first","9":"instock","10":"taxable","11":"shipping-taxable","12":"purchasable","13":"product-type-simple"},"jetpack_publicize_connections":[],"jetpack_sharing_enabled":true,"_links":{"self":[{"href":"https:\/\/apologiacomp.com\/index.php\/wp-json\/wp\/v2\/product\/191","targetHints":{"allow":["GET"]}}],"collection":[{"href":"https:\/\/apologiacomp.com\/index.php\/wp-json\/wp\/v2\/product"}],"about":[{"href":"https:\/\/apologiacomp.com\/index.php\/wp-json\/wp\/v2\/types\/product"}],"replies":[{"embeddable":true,"href":"https:\/\/apologiacomp.com\/index.php\/wp-json\/wp\/v2\/comments?post=191"}],"wp:featuredmedia":[{"embeddable":true,"href":"https:\/\/apologiacomp.com\/index.php\/wp-json\/wp\/v2\/media\/205"}],"wp:attachment":[{"href":"https:\/\/apologiacomp.com\/index.php\/wp-json\/wp\/v2\/media?parent=191"}],"wp:term":[{"taxonomy":"product_brand","embeddable":true,"href":"https:\/\/apologiacomp.com\/index.php\/wp-json\/wp\/v2\/product_brand?post=191"},{"taxonomy":"product_cat","embeddable":true,"href":"https:\/\/apologiacomp.com\/index.php\/wp-json\/wp\/v2\/product_cat?post=191"},{"taxonomy":"product_tag","embeddable":true,"href":"https:\/\/apologiacomp.com\/index.php\/wp-json\/wp\/v2\/product_tag?post=191"}],"curies":[{"name":"wp","href":"https:\/\/api.w.org\/{rel}","templated":true}]}}